{"id":677,"date":"2024-02-18T15:45:37","date_gmt":"2024-02-18T14:45:37","guid":{"rendered":"https:\/\/faluboule.se\/?page_id=677"},"modified":"2024-02-18T15:45:37","modified_gmt":"2024-02-18T14:45:37","slug":"lankar","status":"publish","type":"page","link":"https:\/\/faluboule.se\/?page_id=677","title":{"rendered":"L\u00e4nkar"},"content":{"rendered":"\n<p>Anv\u00e4ndbara l\u00e4nkar till andra sidor:<\/p>\n\n\n\n<p> <\/p>\n\n\n\n<figure class=\"wp-block-table\"><table><tbody><tr><td>Svenska Boulef\u00f6rbundets t\u00e4vlingskalender<\/td><td><a href=\"https:\/\/sbfonline.se\/tavlingskalendern.aspx\" target=\"_blank\" rel=\"noreferrer noopener\">sbfonline.se\/tavlingskalendern.aspx<\/a><\/td><\/tr><tr><td>Svealands Boulef\u00f6rbund<\/td><td><a href=\"http:\/\/www.sveaboule.se\" target=\"_blank\" rel=\"noreferrer noopener\">sveaboule.se<\/a><\/td><\/tr><tr><td>Svenska Boulef\u00f6rbundet<\/td><td><a href=\"https:\/\/www.svenskboule.se\/\" target=\"_blank\" rel=\"noreferrer noopener\">svenskboule.se<\/a><\/td><\/tr><\/tbody><\/table><\/figure>\n","protected":false},"excerpt":{"rendered":"<p>Anv\u00e4ndbara l\u00e4nkar till andra sidor: Svenska Boulef\u00f6rbundets t\u00e4vlingskalender sbfonline.se\/tavlingskalendern.aspx Svealands Boulef\u00f6rbund sveaboule.se Svenska Boulef\u00f6rbundet svenskboule.se<\/p>\n","protected":false},"author":1,"featured_media":0,"parent":0,"menu_order":0,"comment_status":"closed","ping_status":"closed","template":"","meta":{"footnotes":""},"class_list":["post-677","page","type-page","status-publish","hentry"],"_links":{"self":[{"href":"https:\/\/faluboule.se\/index.php?rest_route=\/wp\/v2\/pages\/677","targetHints":{"allow":["GET"]}}],"collection":[{"href":"https:\/\/faluboule.se\/index.php?rest_route=\/wp\/v2\/pages"}],"about":[{"href":"https:\/\/faluboule.se\/index.php?rest_route=\/wp\/v2\/types\/page"}],"author":[{"embeddable":true,"href":"https:\/\/faluboule.se\/index.php?rest_route=\/wp\/v2\/users\/1"}],"replies":[{"embeddable":true,"href":"https:\/\/faluboule.se\/index.php?rest_route=%2Fwp%2Fv2%2Fcomments&post=677"}],"version-history":[{"count":1,"href":"https:\/\/faluboule.se\/index.php?rest_route=\/wp\/v2\/pages\/677\/revisions"}],"predecessor-version":[{"id":679,"href":"https:\/\/faluboule.se\/index.php?rest_route=\/wp\/v2\/pages\/677\/revisions\/679"}],"wp:attachment":[{"href":"https:\/\/faluboule.se\/index.php?rest_route=%2Fwp%2Fv2%2Fmedia&parent=677"}],"curies":[{"name":"wp","href":"https:\/\/api.w.org\/{rel}","templated":true}]}}