{"id":56,"date":"2023-11-05T20:09:45","date_gmt":"2023-11-05T19:09:45","guid":{"rendered":"\/?page_id=56"},"modified":"2026-04-16T19:06:49","modified_gmt":"2026-04-16T17:06:49","slug":"start","status":"publish","type":"page","link":"https:\/\/faluboule.se\/","title":{"rendered":"V\u00e4lkommen"},"content":{"rendered":"\n<figure class=\"wp-block-image aligncenter size-full is-resized\"><img loading=\"lazy\" decoding=\"async\" width=\"200\" height=\"200\" src=\"\/wp-content\/uploads\/2023\/11\/ball_hq-1.webp\" alt=\"3D klot\" class=\"wp-image-77\" style=\"aspect-ratio:1;width:77px;height:auto;margin-top:-50px;\"\/><\/figure>\n\n\n\n<p class=\"has-text-align-center has-larger-font-size\"><strong>V\u00e4lkommen till F\u00f6reningen Falu Boule. <\/strong><\/p>\n\n\n\n<p>H\u00e4r finner du all information du beh\u00f6ver och bilder fr\u00e5n n\u00e4r vi spelat, och t\u00e4vlingsresultat. Se sidorna i menyn. H\u00e4r \u00e4r ett urval av v\u00e5ra senaste inl\u00e4gg. Alla inl\u00e4gg kan man hitta i <a href=\"https:\/\/faluboule.se\/?cat=0\">arkivet<\/a>.<\/p>\n\n\n\n<p class=\"has-black-color has-text-color has-link-color has-larger-font-size wp-elements-2c2abf2cd0a168a976c85b59a725dbe5\"><em>F\u00f6reningen Falu Boule planerar att b\u00f6rja spela ute tisdag 5 maj 2026.<\/em><\/p>\n\n\n\n<p class=\"has-black-color has-text-color has-link-color has-larger-font-size wp-elements-bfaa733c34008e0e085712ce955cfdde\"><em>Vi ska tr\u00e4ffas den 21 april kl 13.30 f\u00f6r att g\u00f6ra iordning v\u00e5ra utebanor.<\/em> Medtag krattor!<\/p>\n\n\n\n<p class=\"has-larger-font-size\"><strong><em>Vi vill g\u00e4rna ha m\u00e5nga medarbetare som hj\u00e4lper till. VI BJUDER P\u00c5 FIKA!!<\/em><\/strong><\/p>\n\n\n\n<p class=\"has-regular-font-size\"><strong>Styrelsen<\/strong><\/p>\n\n\n\n<p><\/p>\n\n\n\n<p><\/p>\n\n\n\n<p class=\"has-larger-font-size\"><\/p>\n\n\n\n<div class=\"wp-block-group is-nowrap is-layout-flex wp-container-core-group-is-layout-ad2f72ca wp-block-group-is-layout-flex\">\n<div class=\"wp-block-group\"><div class=\"wp-block-group__inner-container is-layout-constrained wp-block-group-is-layout-constrained\">\n<div class=\"wp-block-query is-layout-flow wp-block-query-is-layout-flow\"><ul class=\"wp-block-post-template has-regular-font-size is-layout-flow wp-block-post-template-is-layout-flow\"><li class=\"wp-block-post post-2208 post type-post status-publish format-standard hentry category-uncategorized\">\n\n<style>\n.wrapper {\nbackground-color:rgba(252,252,252,1);\nbox-shadow: inset 0px 2px 3px rgba(0,0,0,0.1);\nborder: 1px solid;\nborder-color: rgba(0,0,0,0.1);\nborder-radius: 0px;\npadding-left: 10px;\npadding-right: 10px;\npadding-top: 10px;\n}\n.wrapper img {\nborder-radius: 3px;\nwidth: 50%;\n}\n<\/style>\n<div class=\"wrapper\">\n\n\n<div class=\"wp-block-post-date\"><time datetime=\"2026-04-17T13:59:48+02:00\">2026-04-17<\/time><\/div>\n\n<div class=\"wp-block-post-excerpt\"><p class=\"wp-block-post-excerpt__excerpt\"><\/p><p class=\"wp-block-post-excerpt__more-text\"><a class=\"wp-block-post-excerpt__more-link\" href=\"https:\/\/faluboule.se\/?p=2208\">L\u00e4s Mer.<\/a><\/p><\/div>\n\n\n\n\n<\/div>\n\n<\/li><li class=\"wp-block-post post-2192 post type-post status-publish format-standard hentry category-uncategorized\">\n\n<style>\n.wrapper {\nbackground-color:rgba(252,252,252,1);\nbox-shadow: inset 0px 2px 3px rgba(0,0,0,0.1);\nborder: 1px solid;\nborder-color: rgba(0,0,0,0.1);\nborder-radius: 0px;\npadding-left: 10px;\npadding-right: 10px;\npadding-top: 10px;\n}\n.wrapper img {\nborder-radius: 3px;\nwidth: 50%;\n}\n<\/style>\n<div class=\"wrapper\">\n\n\n<div class=\"wp-block-post-date\"><time datetime=\"2026-04-10T13:37:50+02:00\">2026-04-10<\/time><\/div>\n\n<div class=\"wp-block-post-excerpt\"><p class=\"wp-block-post-excerpt__excerpt\"><\/p><p class=\"wp-block-post-excerpt__more-text\"><a class=\"wp-block-post-excerpt__more-link\" href=\"https:\/\/faluboule.se\/?p=2192\">L\u00e4s Mer.<\/a><\/p><\/div>\n\n\n\n\n<\/div>\n\n<\/li><li class=\"wp-block-post post-2176 post type-post status-publish format-standard has-post-thumbnail hentry category-uncategorized\">\n\n<style>\n.wrapper {\nbackground-color:rgba(252,252,252,1);\nbox-shadow: inset 0px 2px 3px rgba(0,0,0,0.1);\nborder: 1px solid;\nborder-color: rgba(0,0,0,0.1);\nborder-radius: 0px;\npadding-left: 10px;\npadding-right: 10px;\npadding-top: 10px;\n}\n.wrapper img {\nborder-radius: 3px;\nwidth: 50%;\n}\n<\/style>\n<div class=\"wrapper\">\n\n\n<div class=\"wp-block-post-date\"><time datetime=\"2026-04-03T13:45:22+02:00\">2026-04-03<\/time><\/div>\n\n<div class=\"wp-block-post-excerpt\"><p class=\"wp-block-post-excerpt__excerpt\"><\/p><p class=\"wp-block-post-excerpt__more-text\"><a class=\"wp-block-post-excerpt__more-link\" href=\"https:\/\/faluboule.se\/?p=2176\">L\u00e4s Mer.<\/a><\/p><\/div>\n\n<figure class=\"wp-block-post-featured-image\"><img loading=\"lazy\" decoding=\"async\" width=\"2560\" height=\"2204\" src=\"https:\/\/faluboule.se\/wp-content\/uploads\/2026\/04\/Paskagget-2026-scaled.jpg\" class=\"attachment-post-thumbnail size-post-thumbnail wp-post-image\" alt=\"\" style=\"object-fit:cover;\" srcset=\"https:\/\/faluboule.se\/wp-content\/uploads\/2026\/04\/Paskagget-2026-scaled.jpg 2560w, https:\/\/faluboule.se\/wp-content\/uploads\/2026\/04\/Paskagget-2026-300x258.jpg 300w, https:\/\/faluboule.se\/wp-content\/uploads\/2026\/04\/Paskagget-2026-1024x882.jpg 1024w, https:\/\/faluboule.se\/wp-content\/uploads\/2026\/04\/Paskagget-2026-768x661.jpg 768w, https:\/\/faluboule.se\/wp-content\/uploads\/2026\/04\/Paskagget-2026-1536x1322.jpg 1536w, https:\/\/faluboule.se\/wp-content\/uploads\/2026\/04\/Paskagget-2026-2048x1763.jpg 2048w\" sizes=\"auto, (max-width: 2560px) 100vw, 2560px\" \/><\/figure>\n\n\n<\/div>\n\n<\/li><\/ul><\/div>\n<\/div><\/div>\n<\/div>\n\n\n\n<a href=\"http:\/\/statcounter.com\/p13038561\/summary\/?guest=1\" target=\"_blank\" rel=\"noopener\">Sidvisningar <img decoding=\"async\" src=\"https:\/\/faluboule.se\/statproxy.php?param=image&#038;security=cc368f0b&#038;project=13038561\"\/><\/a>\n","protected":false},"excerpt":{"rendered":"<p>V\u00e4lkommen till F\u00f6reningen Falu Boule. H\u00e4r finner du all information du beh\u00f6ver och bilder fr\u00e5n n\u00e4r vi spelat, och t\u00e4vlingsresultat. [&hellip;]<\/p>\n","protected":false},"author":1,"featured_media":0,"parent":0,"menu_order":0,"comment_status":"closed","ping_status":"closed","template":"","meta":{"footnotes":""},"class_list":["post-56","page","type-page","status-publish","hentry"],"_links":{"self":[{"href":"https:\/\/faluboule.se\/index.php?rest_route=\/wp\/v2\/pages\/56","targetHints":{"allow":["GET"]}}],"collection":[{"href":"https:\/\/faluboule.se\/index.php?rest_route=\/wp\/v2\/pages"}],"about":[{"href":"https:\/\/faluboule.se\/index.php?rest_route=\/wp\/v2\/types\/page"}],"author":[{"embeddable":true,"href":"https:\/\/faluboule.se\/index.php?rest_route=\/wp\/v2\/users\/1"}],"replies":[{"embeddable":true,"href":"https:\/\/faluboule.se\/index.php?rest_route=%2Fwp%2Fv2%2Fcomments&post=56"}],"version-history":[{"count":167,"href":"https:\/\/faluboule.se\/index.php?rest_route=\/wp\/v2\/pages\/56\/revisions"}],"predecessor-version":[{"id":2204,"href":"https:\/\/faluboule.se\/index.php?rest_route=\/wp\/v2\/pages\/56\/revisions\/2204"}],"wp:attachment":[{"href":"https:\/\/faluboule.se\/index.php?rest_route=%2Fwp%2Fv2%2Fmedia&parent=56"}],"curies":[{"name":"wp","href":"https:\/\/api.w.org\/{rel}","templated":true}]}}