{"id":21,"date":"2023-11-05T17:47:00","date_gmt":"2023-11-05T17:47:00","guid":{"rendered":"\/?page_id=21"},"modified":"2026-04-11T10:12:06","modified_gmt":"2026-04-11T08:12:06","slug":"kontakt","status":"publish","type":"page","link":"https:\/\/faluboule.se\/?page_id=21","title":{"rendered":"Styrelse"},"content":{"rendered":"\n<figure class=\"wp-block-image aligncenter size-full is-resized\"><img loading=\"lazy\" decoding=\"async\" width=\"200\" height=\"200\" src=\"\/wp-content\/uploads\/2023\/11\/ball_hq-1.webp\" alt=\"3D klot\" class=\"wp-image-77\" style=\"aspect-ratio:1;width:77px;height:auto;margin-top:-50px;\"\/><\/figure>\n\n\n\n<p><strong>H\u00e4r finner du f\u00f6reningens styrelse och kontaktinformation<\/strong><\/p>\n\n\n\n<hr class=\"wp-block-separator has-alpha-channel-opacity is-style-wide\"\/>\n\n\n\n<div class=\"wp-block-group\"><div class=\"wp-block-group__inner-container is-layout-constrained wp-block-group-is-layout-constrained\">\n<div class=\"wp-block-group\"><div class=\"wp-block-group__inner-container is-layout-constrained wp-block-group-is-layout-constrained\">\n<div class=\"wp-block-group is-horizontal is-nowrap is-layout-flex wp-container-core-group-is-layout-41b81202 wp-block-group-is-layout-flex\">\n<div class=\"wp-block-group wp-container-content-577e1c61\"><div class=\"wp-block-group__inner-container is-layout-constrained wp-block-group-is-layout-constrained\">\n<p class=\"wp-container-content-90d19858\"><strong>Styrelseordf\u00f6rande<\/strong><\/p>\n\n\n\n<p>Keith Hawkins<\/p>\n<\/div><\/div>\n\n\n\n<ul class=\"wp-block-list wp-container-content-dc435e0d\">\n<li><a href=\"mailto:hawkinskeith48@yahoo.com\" target=\"_blank\" rel=\"noreferrer noopener\">hawkinskeith48@yahoo.com<\/a><\/li>\n\n\n\n<li class=\"has-regular-font-size\">Tel: 073-8268729<\/li>\n<\/ul>\n\n\n\n<figure class=\"wp-block-image size-full is-resized\"><img loading=\"lazy\" decoding=\"async\" width=\"235\" height=\"235\" src=\"\/wp-content\/uploads\/2023\/11\/person_avatar_rs.png\" alt=\"Keith Hawkins\" class=\"wp-image-33\" style=\"object-fit:cover;width:100px;height:100px\"\/><\/figure>\n<\/div>\n\n\n\n<hr class=\"wp-block-separator has-alpha-channel-opacity is-style-wide\"\/>\n<\/div><\/div>\n<\/div><\/div>\n\n\n\n<div class=\"wp-block-group\"><div class=\"wp-block-group__inner-container is-layout-constrained wp-block-group-is-layout-constrained\">\n<div class=\"wp-block-group is-nowrap is-layout-flex wp-container-core-group-is-layout-ad2f72ca wp-block-group-is-layout-flex\">\n<div class=\"wp-block-group wp-container-content-577e1c61\"><div class=\"wp-block-group__inner-container is-layout-constrained wp-block-group-is-layout-constrained\">\n<p class=\"wp-container-content-90d19858\"><strong>Sekreterare<\/strong><\/p>\n\n\n\n<p>Benny Jonasson<\/p>\n<\/div><\/div>\n\n\n\n<ul class=\"wp-block-list wp-container-content-dc435e0d\">\n<li><a href=\"mailto:yngve.larsson@live.se\" target=\"_blank\" rel=\"noreferrer noopener\"><\/a><a href=\"mailto:gopabenny@gmail.com\" target=\"_blank\" rel=\"noreferrer noopener\">gopabenny@gmail.com<\/a><\/li>\n\n\n\n<li>Tel: 0725479323<\/li>\n<\/ul>\n\n\n\n<figure class=\"wp-block-image size-full is-resized\"><img loading=\"lazy\" decoding=\"async\" width=\"235\" height=\"235\" src=\"\/wp-content\/uploads\/2023\/11\/person_avatar_rs.png\" alt=\"\" class=\"wp-image-33\" style=\"object-fit:cover;width:100px;height:100px\"\/><\/figure>\n<\/div>\n\n\n\n<hr class=\"wp-block-separator has-alpha-channel-opacity is-style-wide\"\/>\n<\/div><\/div>\n\n\n\n<div class=\"wp-block-group\"><div class=\"wp-block-group__inner-container is-layout-constrained wp-block-group-is-layout-constrained\">\n<div class=\"wp-block-group is-nowrap is-layout-flex wp-container-core-group-is-layout-ad2f72ca wp-block-group-is-layout-flex\">\n<div class=\"wp-block-group wp-container-content-577e1c61\"><div class=\"wp-block-group__inner-container is-layout-constrained wp-block-group-is-layout-constrained\">\n<p class=\"wp-container-content-90d19858\"><strong>Kass\u00f6<\/strong>r<\/p>\n\n\n\n<p>Dag Wixner<\/p>\n<\/div><\/div>\n\n\n\n<ul class=\"wp-block-list wp-container-content-dc435e0d\">\n<li class=\"has-orange-color has-text-color has-link-color wp-elements-9067f7459f75db4474e606d3a97e530b\">dagwixner@gmail.com<\/li>\n\n\n\n<li>Tel: 0702779651<\/li>\n<\/ul>\n\n\n\n<figure class=\"wp-block-image size-full is-resized\"><img loading=\"lazy\" decoding=\"async\" width=\"235\" height=\"235\" src=\"\/wp-content\/uploads\/2023\/11\/person_avatar_rs.png\" alt=\"\" class=\"wp-image-33\" style=\"object-fit:cover;width:100px;height:100px\"\/><\/figure>\n<\/div>\n\n\n\n<hr class=\"wp-block-separator has-alpha-channel-opacity is-style-wide\"\/>\n<\/div><\/div>\n\n\n\n<div class=\"wp-block-group\"><div class=\"wp-block-group__inner-container is-layout-constrained wp-block-group-is-layout-constrained\">\n<div class=\"wp-block-group is-nowrap is-layout-flex wp-container-core-group-is-layout-ad2f72ca wp-block-group-is-layout-flex\">\n<div class=\"wp-block-group wp-container-content-577e1c61\"><div class=\"wp-block-group__inner-container is-layout-constrained wp-block-group-is-layout-constrained\">\n<p class=\"wp-container-content-90d19858\"><strong>Ledamot<\/strong><\/p>\n\n\n\n<p>Jan-Eric Sporre<\/p>\n<\/div><\/div>\n\n\n\n<ul class=\"wp-block-list wp-container-content-dc435e0d\">\n<li class=\"has-orange-color has-text-color has-link-color wp-elements-cbfd4ac175168992afed3de4c63c00e3\">jesp1950@gmail.com<\/li>\n\n\n\n<li>Tel: 0702096709<\/li>\n<\/ul>\n\n\n\n<figure class=\"wp-block-image size-full is-resized\"><img loading=\"lazy\" decoding=\"async\" width=\"235\" height=\"235\" src=\"\/wp-content\/uploads\/2023\/11\/person_avatar_rs.png\" alt=\"\" class=\"wp-image-33\" style=\"object-fit:cover;width:100px;height:100px\"\/><\/figure>\n<\/div>\n\n\n\n<hr class=\"wp-block-separator has-alpha-channel-opacity is-style-wide\"\/>\n<\/div><\/div>\n\n\n\n<div class=\"wp-block-group\"><div class=\"wp-block-group__inner-container is-layout-constrained wp-block-group-is-layout-constrained\">\n<div class=\"wp-block-group is-nowrap is-layout-flex wp-container-core-group-is-layout-ad2f72ca wp-block-group-is-layout-flex\">\n<div class=\"wp-block-group wp-container-content-577e1c61\"><div class=\"wp-block-group__inner-container is-layout-constrained wp-block-group-is-layout-constrained\">\n<p class=\"wp-container-content-90d19858\"><strong>Ledamot<\/strong><\/p>\n\n\n\n<p>Lars-Erik Eld<\/p>\n<\/div><\/div>\n\n\n\n<ul class=\"wp-block-list wp-container-content-dc435e0d\">\n<li><a href=\"mailto:curt.winberg1@gmail.com\" target=\"_blank\" rel=\"noreferrer noopener\">eldlarserik@gmail.com<\/a><\/li>\n\n\n\n<li>Tel: 0703425997<\/li>\n<\/ul>\n\n\n\n<figure class=\"wp-block-image size-full is-resized\"><img loading=\"lazy\" decoding=\"async\" width=\"235\" height=\"235\" src=\"\/wp-content\/uploads\/2023\/11\/person_avatar_rs.png\" alt=\"\" class=\"wp-image-33\" style=\"object-fit:cover;width:100px;height:100px\"\/><\/figure>\n<\/div>\n\n\n\n<hr class=\"wp-block-separator has-alpha-channel-opacity is-style-wide\"\/>\n<\/div><\/div>\n\n\n\n<div class=\"wp-block-group\"><div class=\"wp-block-group__inner-container is-layout-constrained wp-block-group-is-layout-constrained\">\n<div class=\"wp-block-group is-nowrap is-layout-flex wp-container-core-group-is-layout-ad2f72ca wp-block-group-is-layout-flex\">\n<div class=\"wp-block-group wp-container-content-577e1c61\"><div class=\"wp-block-group__inner-container is-layout-constrained wp-block-group-is-layout-constrained\">\n<p class=\"wp-container-content-90d19858\"><strong>Ledamot<\/strong><\/p>\n\n\n\n<p>Leif Proos<\/p>\n<\/div><\/div>\n\n\n\n<ul class=\"wp-block-list wp-container-content-dc435e0d\">\n<li><a href=\"mailto:leif.proos@gmail.com\">leif.proos@gmail.com<\/a><\/li>\n\n\n\n<li>Tel:&nbsp;0730742952<\/li>\n<\/ul>\n\n\n\n<figure class=\"wp-block-image size-full is-resized\"><img loading=\"lazy\" decoding=\"async\" width=\"235\" height=\"235\" src=\"\/wp-content\/uploads\/2023\/11\/person_avatar_rs.png\" alt=\"\" class=\"wp-image-33\" style=\"object-fit:cover;width:100px;height:100px\"\/><\/figure>\n<\/div>\n\n\n\n<hr class=\"wp-block-separator has-alpha-channel-opacity is-style-wide\"\/>\n<\/div><\/div>\n\n\n\n<div class=\"wp-block-group\"><div class=\"wp-block-group__inner-container is-layout-constrained wp-block-group-is-layout-constrained\">\n<div class=\"wp-block-group is-nowrap is-layout-flex wp-container-core-group-is-layout-ad2f72ca wp-block-group-is-layout-flex\">\n<div class=\"wp-block-group wp-container-content-577e1c61\"><div class=\"wp-block-group__inner-container is-layout-constrained wp-block-group-is-layout-constrained\">\n<p class=\"wp-container-content-90d19858\"><strong>Ledamot<\/strong><\/p>\n\n\n\n<p>Gunnar Bergman<\/p>\n<\/div><\/div>\n\n\n\n<ul class=\"wp-block-list wp-container-content-dc435e0d\">\n<li><a href=\"mailto:ekvall41@hotmail.com\" target=\"_blank\" rel=\"noreferrer noopener\"><\/a><a href=\"mailto:bergman.gunnar@telia.com\" target=\"_blank\" rel=\"noreferrer noopener\">bergman.gunnar@telia.com<\/a><\/li>\n\n\n\n<li>Tel:&nbsp;0702665510<\/li>\n<\/ul>\n\n\n\n<figure class=\"wp-block-image size-full is-resized\"><img loading=\"lazy\" decoding=\"async\" width=\"235\" height=\"235\" src=\"\/wp-content\/uploads\/2023\/11\/person_avatar_rs.png\" alt=\"\" class=\"wp-image-33\" style=\"object-fit:cover;width:100px;height:100px\"\/><\/figure>\n<\/div>\n\n\n\n<hr class=\"wp-block-separator has-alpha-channel-opacity is-style-wide\"\/>\n<\/div><\/div>\n\n\n\n<div class=\"wp-block-group\"><div class=\"wp-block-group__inner-container is-layout-constrained wp-block-group-is-layout-constrained\">\n<div class=\"wp-block-group is-nowrap is-layout-flex wp-container-core-group-is-layout-ad2f72ca wp-block-group-is-layout-flex\">\n<div class=\"wp-block-group wp-container-content-577e1c61\"><div class=\"wp-block-group__inner-container is-layout-constrained wp-block-group-is-layout-constrained\">\n<p class=\"wp-container-content-90d19858\"><strong>Ledamot<\/strong>. V. Ordf.<\/p>\n\n\n\n<p>Yngve Larsson<\/p>\n<\/div><\/div>\n\n\n\n<ul class=\"wp-block-list wp-container-content-dc435e0d\">\n<li><a href=\"mailto:yngve,larsson@live.se\">Yngve Larsson@live.se<\/a><\/li>\n\n\n\n<li>0702171224<\/li>\n<\/ul>\n\n\n\n<figure class=\"wp-block-image size-full is-resized\"><img loading=\"lazy\" decoding=\"async\" width=\"235\" height=\"235\" src=\"\/wp-content\/uploads\/2023\/11\/person_avatar_rs.png\" alt=\"\" class=\"wp-image-33\" style=\"object-fit:cover;width:100px;height:100px\"\/><\/figure>\n<\/div>\n\n\n\n<hr class=\"wp-block-separator has-alpha-channel-opacity is-style-wide\"\/>\n<\/div><\/div>\n","protected":false},"excerpt":{"rendered":"<p>H\u00e4r finner du f\u00f6reningens styrelse och kontaktinformation Styrelseordf\u00f6rande Keith Hawkins Sekreterare Benny Jonasson Kass\u00f6r Dag Wixner Ledamot Jan-Eric Sporre Ledamot [&hellip;]<\/p>\n","protected":false},"author":1,"featured_media":0,"parent":0,"menu_order":0,"comment_status":"closed","ping_status":"closed","template":"","meta":{"footnotes":""},"class_list":["post-21","page","type-page","status-publish","hentry"],"_links":{"self":[{"href":"https:\/\/faluboule.se\/index.php?rest_route=\/wp\/v2\/pages\/21","targetHints":{"allow":["GET"]}}],"collection":[{"href":"https:\/\/faluboule.se\/index.php?rest_route=\/wp\/v2\/pages"}],"about":[{"href":"https:\/\/faluboule.se\/index.php?rest_route=\/wp\/v2\/types\/page"}],"author":[{"embeddable":true,"href":"https:\/\/faluboule.se\/index.php?rest_route=\/wp\/v2\/users\/1"}],"replies":[{"embeddable":true,"href":"https:\/\/faluboule.se\/index.php?rest_route=%2Fwp%2Fv2%2Fcomments&post=21"}],"version-history":[{"count":60,"href":"https:\/\/faluboule.se\/index.php?rest_route=\/wp\/v2\/pages\/21\/revisions"}],"predecessor-version":[{"id":2198,"href":"https:\/\/faluboule.se\/index.php?rest_route=\/wp\/v2\/pages\/21\/revisions\/2198"}],"wp:attachment":[{"href":"https:\/\/faluboule.se\/index.php?rest_route=%2Fwp%2Fv2%2Fmedia&parent=21"}],"curies":[{"name":"wp","href":"https:\/\/api.w.org\/{rel}","templated":true}]}}